{"id":633,"date":"2021-01-04T21:00:05","date_gmt":"2021-01-04T21:00:05","guid":{"rendered":"https:\/\/decmex.com.mx\/tienda\/?post_type=product&#038;p=633"},"modified":"2025-12-31T17:59:07","modified_gmt":"2025-12-31T17:59:07","slug":"20-metros-de-cable-de-aleacion-de-aluminio-de-3-0","status":"publish","type":"product","link":"https:\/\/decmex.com.mx\/tienda\/producto\/20-metros-de-cable-de-aleacion-de-aluminio-de-3-0\/","title":{"rendered":"20 metros de Cable de Aleaci\u00f3n de Aluminio de 3\/0"},"content":{"rendered":"","protected":false},"excerpt":{"rendered":"<p><strong>DOBLE de AMPACIDAD<\/strong> por el MISMO PESO haci\u00e9ndolo un conductor <strong>100% confiable.<\/strong><br \/>\nRecubiertos con <strong>aislamiento de polietileno<\/strong> de cadena cruzada (XLPE) <strong>tipo XHHW-2.<\/strong><br \/>\n<strong>Trenzado compacto,<\/strong> por lo que NO se requiere sobredimensionar canalizaciones.<br \/>\nComposici\u00f3n de metales \u00fanica que est\u00e1 dise\u00f1ada para un <strong>mejor desempe\u00f1o<\/strong> de los alimentadores.<br \/>\nAprobado por las normas: <strong>NOM-063-SCFI-2001, NMX-J-532-ANCE-2000, NMX-J-533-ANCE-200.<\/strong><\/p>\n<p><strong>El cable se vende en m\u00faltiplos de 10 metros.<\/strong><\/p>\n","protected":false},"featured_media":590,"template":"","meta":{"site-sidebar-layout":"default","site-content-layout":"default","ast-site-content-layout":"default","site-content-style":"default","site-sidebar-style":"default","ast-global-header-display":"","ast-banner-title-visibility":"","ast-main-header-display":"","ast-hfb-above-header-display":"","ast-hfb-below-header-display":"","ast-hfb-mobile-header-display":"","site-post-title":"","ast-breadcrumbs-content":"","ast-featured-img":"","footer-sml-layout":"","ast-disable-related-posts":"","theme-transparent-header-meta":"default","adv-header-id-meta":"","stick-header-meta":"","header-above-stick-meta":"","header-main-stick-meta":"","header-below-stick-meta":"","astra-migrate-meta-layouts":"default","ast-page-background-enabled":"default","ast-page-background-meta":{"desktop":{"background-color":"var(--ast-global-color-4)","background-image":"","background-repeat":"repeat","background-position":"center center","background-size":"auto","background-attachment":"scroll","background-type":"","background-media":"","overlay-type":"","overlay-color":"","overlay-opacity":"","overlay-gradient":""},"tablet":{"background-color":"","background-image":"","background-repeat":"repeat","background-position":"center center","background-size":"auto","background-attachment":"scroll","background-type":"","background-media":"","overlay-type":"","overlay-color":"","overlay-opacity":"","overlay-gradient":""},"mobile":{"background-color":"","background-image":"","background-repeat":"repeat","background-position":"center center","background-size":"auto","background-attachment":"scroll","background-type":"","background-media":"","overlay-type":"","overlay-color":"","overlay-opacity":"","overlay-gradient":""}},"ast-content-background-meta":{"desktop":{"background-color":"var(--ast-global-color-5)","background-image":"","background-repeat":"repeat","background-position":"center center","background-size":"auto","background-attachment":"scroll","background-type":"","background-media":"","overlay-type":"","overlay-color":"","overlay-opacity":"","overlay-gradient":""},"tablet":{"background-color":"var(--ast-global-color-5)","background-image":"","background-repeat":"repeat","background-position":"center center","background-size":"auto","background-attachment":"scroll","background-type":"","background-media":"","overlay-type":"","overlay-color":"","overlay-opacity":"","overlay-gradient":""},"mobile":{"background-color":"var(--ast-global-color-5)","background-image":"","background-repeat":"repeat","background-position":"center center","background-size":"auto","background-attachment":"scroll","background-type":"","background-media":"","overlay-type":"","overlay-color":"","overlay-opacity":"","overlay-gradient":""}}},"product_cat":[20],"product_tag":[24],"class_list":{"0":"post-633","1":"product","2":"type-product","3":"status-publish","4":"has-post-thumbnail","6":"product_cat-cables-de-aluminio","7":"product_tag-3-0","8":"product_shipping_class-envio-cable","9":"desktop-align-left","10":"tablet-align-left","11":"mobile-align-left","13":"first","14":"instock","15":"taxable","16":"shipping-taxable","17":"purchasable","18":"product-type-variable","19":"has-default-attributes"},"_links":{"self":[{"href":"https:\/\/decmex.com.mx\/tienda\/wp-json\/wp\/v2\/product\/633","targetHints":{"allow":["GET"]}}],"collection":[{"href":"https:\/\/decmex.com.mx\/tienda\/wp-json\/wp\/v2\/product"}],"about":[{"href":"https:\/\/decmex.com.mx\/tienda\/wp-json\/wp\/v2\/types\/product"}],"wp:featuredmedia":[{"embeddable":true,"href":"https:\/\/decmex.com.mx\/tienda\/wp-json\/wp\/v2\/media\/590"}],"wp:attachment":[{"href":"https:\/\/decmex.com.mx\/tienda\/wp-json\/wp\/v2\/media?parent=633"}],"wp:term":[{"taxonomy":"product_cat","embeddable":true,"href":"https:\/\/decmex.com.mx\/tienda\/wp-json\/wp\/v2\/product_cat?post=633"},{"taxonomy":"product_tag","embeddable":true,"href":"https:\/\/decmex.com.mx\/tienda\/wp-json\/wp\/v2\/product_tag?post=633"}],"curies":[{"name":"wp","href":"https:\/\/api.w.org\/{rel}","templated":true}]}}